{"id":843,"date":"2020-02-18T09:53:34","date_gmt":"2020-02-18T09:53:34","guid":{"rendered":"http:\/\/www.eta-reyer.de\/?page_id=843"},"modified":"2024-12-13T07:55:30","modified_gmt":"2024-12-13T07:55:30","slug":"geopark","status":"publish","type":"page","link":"https:\/\/www.eta-reyer.de\/?page_id=843","title":{"rendered":"UNESCO Global Geopark Th\u00fcringen Inselsberg &#8211; Drei Gleichen"},"content":{"rendered":"<p style=\"text-align: justify;\">Das e.t.a. Sachverst\u00e4ndigenb\u00fcro Reyer fungiert seit Gr\u00fcndung des Th\u00fcringer Geoparks Inselsberg &#8211; Drei Gleichen als fachbegleitendes B\u00fcro und hat das Management des Geoparks inne. Zu unseren Aufgaben z\u00e4hlen unter anderem:<\/p>\n<p><strong>Konzeptioneller Aufbau<\/strong><\/p>\n<ul>\n<li>Erarbeitung von Machbarkeitsstudien (Erfassung des geologischen und geotourististischen Potentials der Region)<\/li>\n<li>Erstellung und Umsetzung von GeoRouten- und Geotop-Pflegekonzepten<\/li>\n<\/ul>\n<p><strong>Umsetzung der Konzepte<\/strong><\/p>\n<ul>\n<li>Einwerbung projektbezogener F\u00f6rdermittel<\/li>\n<li>Erarbeitung von Informationstafeln<\/li>\n<li>Schaffung von geotouristischen Informationszentren inkl. geologischer Ausstellungen<\/li>\n<\/ul>\n<p><strong>Organisationsstruktur<\/strong><\/p>\n<ul>\n<li>Schaffung und Ausbau der Organisations- und Kommunikationsstruktur (Kommunale Arbeitsgemeinschaft, Arbeitsgruppe Tourismus)<\/li>\n<li>Auf- und Ausbau der geotouristischen Struktur<\/li>\n<\/ul>\n<p><strong>Qualifizierung des Geoparks<\/strong><\/p>\n<ul>\n<li>Antragsstellung und Erlangung des Zertifikats \u201eNationaler GeoPark in Deutschland\u201c (2008)<\/li>\n<li>Antragstellung und Qualifizierung als europ\u00e4ischer und <strong>UNESCO-Geopark <\/strong>(Qualifizierungsantrag 2016, Fortschrittsbericht 2020, Zertifizierung 2021, Re-Evaluierung 2024)<strong><br \/>\n<\/strong><\/li>\n<\/ul>\n<p><strong>Wissenschaftliche Betreuung<\/strong><\/p>\n<ul>\n<li>fortlaufende fachliche Ausbildung der Geopark-F\u00fchrer<\/li>\n<li>wissenschaftliche Beratung der Geopark-Partner und Gemeinden<\/li>\n<li>Initiierung und Betreuung von wissenschaftlichen Grabungskampagnen, u.a. auf der Ursaurier-Fundstelle Bromacker bei Tambach-Dietharz und im Hartsteinwerk Bad Tabarz<\/li>\n<li>Zusammenarbeit mit nationalen und internationalen Museen und Partnern<\/li>\n<li>Mitbetreuung von wissenschaftlichen Qualifizierungsarbeiten<\/li>\n<li>Inhaltliche Betreuung der <a href=\"http:\/\/www.geopark-thueringen.de\">Geopark-Webseite<\/a> und der Social Media Kan\u00e4le auf <a href=\"https:\/\/www.facebook.com\/UGGpthueringen\/\">Facebook<\/a>, Instagram und <a href=\"_wp_link_placeholder\" data-wplink-edit=\"true\">YouTube<\/a><\/li>\n<\/ul>\n<div id=\"attachment_954\" style=\"width: 1489px\" class=\"wp-caption alignright\"><img aria-describedby=\"caption-attachment-954\" loading=\"lazy\" class=\"wp-image-954 size-full\" src=\"http:\/\/www.eta-reyer.de\/cms\/wp-content\/uploads\/Bromacker.png\" alt=\"Pal\u00e4ontologische Grabung auf der international ber\u00fchmten Ursaurier-Fundstelle Bromacker bei Tambach-Dietharz.\" width=\"1479\" height=\"1007\" srcset=\"https:\/\/www.eta-reyer.de\/cms\/wp-content\/uploads\/Bromacker.png 1479w, https:\/\/www.eta-reyer.de\/cms\/wp-content\/uploads\/Bromacker-300x204.png 300w, https:\/\/www.eta-reyer.de\/cms\/wp-content\/uploads\/Bromacker-768x523.png 768w, https:\/\/www.eta-reyer.de\/cms\/wp-content\/uploads\/Bromacker-600x409.png 600w, https:\/\/www.eta-reyer.de\/cms\/wp-content\/uploads\/Bromacker-624x425.png 624w\" sizes=\"(max-width: 1479px) 100vw, 1479px\" \/><p id=\"caption-attachment-954\" class=\"wp-caption-text\">Pal\u00e4ontologische Grabung auf der international ber\u00fchmten Ursaurier-Fundstelle Bromacker bei Tambach-Dietharz.<\/p><\/div>\n<p><img loading=\"lazy\" class=\"alignright size-full wp-image-747\" src=\"http:\/\/www.eta-reyer.de\/cms\/wp-content\/uploads\/routenfaltblaetter.png\" alt=\"Routenfaltbl\u00e4tter\" width=\"250\" height=\"279\" srcset=\"https:\/\/www.eta-reyer.de\/cms\/wp-content\/uploads\/routenfaltblaetter.png 286w, https:\/\/www.eta-reyer.de\/cms\/wp-content\/uploads\/routenfaltblaetter-268x300.png 268w\" sizes=\"(max-width: 250px) 100vw, 250px\" \/><\/p>\n<p>&nbsp;<\/p>\n<p>&nbsp;<\/p>\n<p><strong>Produktentwicklung:<\/strong><\/p>\n<ul>\n<li>Erarbeitung von Faltbl\u00e4ttern zu den Georouten<\/li>\n<li>Erarbeitung geologischer Routenf\u00fchrer und geotouristischer Karten<\/li>\n<li>Erarbeitung von Werbematerialien<\/li>\n<\/ul>\n<p>&nbsp;<\/p>\n<p>&nbsp;<\/p>\n<p><a href=\"https:\/\/www.geopark-thueringen.de\/\">Hier geht&#8217;s zur Website des UNESCO Global Geopark Th\u00fcringen Inselsberg \u2013 Drei Gleichen<\/a><\/p>\n<p>Hier finden Sie sowohl allgemeine als auch vertiefende Informationen zum Geopark. Die beliebten GeoRouten mit Download-Links zu den Routenfaltbl\u00e4ttern finden Sie <a href=\"https:\/\/www.geopark-thueringen.de\/entdecken-erleben\/georouten\">hier<\/a>.<\/p>\n<p>Viel Freude beim Entdecken w\u00fcnscht Ihnen ihr e.t.a. Sachverst\u00e4ndigenb\u00fcro Reyer!<\/p>\n<p>&nbsp;<\/p>\n","protected":false},"excerpt":{"rendered":"<p>Das e.t.a. Sachverst\u00e4ndigenb\u00fcro Reyer fungiert seit Gr\u00fcndung des Th\u00fcringer Geoparks Inselsberg &#8211; Drei Gleichen als fachbegleitendes B\u00fcro und hat das Management des Geoparks inne. Zu unseren Aufgaben z\u00e4hlen unter anderem: Konzeptioneller Aufbau Erarbeitung von Machbarkeitsstudien (Erfassung des geologischen und geotourististischen Potentials der Region) Erstellung und Umsetzung von GeoRouten- und Geotop-Pflegekonzepten Umsetzung der Konzepte Einwerbung projektbezogener [&hellip;]<\/p>\n","protected":false},"author":1,"featured_media":1018,"parent":0,"menu_order":0,"comment_status":"closed","ping_status":"closed","template":"","meta":{"ngg_post_thumbnail":0},"_links":{"self":[{"href":"https:\/\/www.eta-reyer.de\/index.php?rest_route=\/wp\/v2\/pages\/843"}],"collection":[{"href":"https:\/\/www.eta-reyer.de\/index.php?rest_route=\/wp\/v2\/pages"}],"about":[{"href":"https:\/\/www.eta-reyer.de\/index.php?rest_route=\/wp\/v2\/types\/page"}],"author":[{"embeddable":true,"href":"https:\/\/www.eta-reyer.de\/index.php?rest_route=\/wp\/v2\/users\/1"}],"replies":[{"embeddable":true,"href":"https:\/\/www.eta-reyer.de\/index.php?rest_route=%2Fwp%2Fv2%2Fcomments&post=843"}],"version-history":[{"count":41,"href":"https:\/\/www.eta-reyer.de\/index.php?rest_route=\/wp\/v2\/pages\/843\/revisions"}],"predecessor-version":[{"id":1116,"href":"https:\/\/www.eta-reyer.de\/index.php?rest_route=\/wp\/v2\/pages\/843\/revisions\/1116"}],"wp:featuredmedia":[{"embeddable":true,"href":"https:\/\/www.eta-reyer.de\/index.php?rest_route=\/wp\/v2\/media\/1018"}],"wp:attachment":[{"href":"https:\/\/www.eta-reyer.de\/index.php?rest_route=%2Fwp%2Fv2%2Fmedia&parent=843"}],"curies":[{"name":"wp","href":"https:\/\/api.w.org\/{rel}","templated":true}]}}