{"id":8,"date":"2010-03-28T21:38:05","date_gmt":"2010-03-28T21:38:05","guid":{"rendered":"http:\/\/www.eta-reyer.de\/cms\/?page_id=8"},"modified":"2023-07-04T06:55:41","modified_gmt":"2023-07-04T06:55:41","slug":"praktikum-im-geopark","status":"publish","type":"page","link":"https:\/\/www.eta-reyer.de\/?page_id=8","title":{"rendered":"Praktikum"},"content":{"rendered":"<p style=\"text-align: justify;\">Wir bieten Studentinnen und Studenten der Fachrichtungen Geologie, Geographie, Hydrologie, Geo\u00f6kologie, Geophysik, Bauingenieurwesen, Journalistik und Tourismus studienbegleitende Praktika. W\u00e4hrend ihres Praktikums erhalten Sie Einblicke in die Arbeit eines geologischen Ingenieurb\u00fcros.<\/p>\n<h3>M\u00f6gliche T\u00e4tigkeiten sind:<\/h3>\n<ul>\n<li>PR-Arbeit und Mitwirkung bei der touristischen Vermarktung und weiteren Entwicklung des \u201eUNESCO Global Geoparks Th\u00fcringen Inselsberg &#8211; Drei Gleichen\u201c<\/li>\n<li>Erarbeitung von Inhalten f\u00fcr Schautafeln und Informationsmaterial f\u00fcr den Geopark<\/li>\n<li>Mithilfe bei der Vorbereitung von Veranstaltungen im Geopark &#8211; Erarbeitung von Vortr\u00e4gen und \u00f6ffentlichen Pr\u00e4sentation<\/li>\n<li>Mitarbeit bei der Konzeption und Vorbereitung von geologisch-pal\u00e4ontologischen Ausstellungsprojekten<\/li>\n<li>Mitarbeit bei Probenahmen und Auswertungen in den Bereichen Umweltgeologie, Hydrogeologie und bei der Anfertigung von Gutachten<\/li>\n<li>Mitarbeit bei Untersuchungen und Planungen im Bereich Ingenieurgeologie und Montangeologie<\/li>\n<li>und vieles mehr\u2026<\/li>\n<\/ul>\n<p>Wir erwarten von Ihnen Engagement und selbstst\u00e4ndiges Arbeiten. Ein eigener PKW ist f\u00fcr Aussendienste von Vorteil aber keine Bedingung.<\/p>\n<p>Bei Fragen erreichen Sie uns unter 0361-4229000.<\/p>\n<p><strong><span style=\"color: #1871bf;\">Wir freuen uns auf Ihre Bewerbung!<\/span><\/strong><\/p>\n<p>Dipl.-Geol. Sylvia Reyer-Rohde<br \/>\ne.t.a. Sachverst\u00e4ndigenb\u00fcro Reyer<br \/>\nHaarbergstr. 37<br \/>\n99097 Erfurt<\/p>\n<p>E-Mail: info@eta-reyer.de<\/p>\n","protected":false},"excerpt":{"rendered":"<p>Wir bieten Studentinnen und Studenten der Fachrichtungen Geologie, Geographie, Hydrologie, Geo\u00f6kologie, Geophysik, Bauingenieurwesen, Journalistik und Tourismus studienbegleitende Praktika. W\u00e4hrend ihres Praktikums erhalten Sie Einblicke in die Arbeit eines geologischen Ingenieurb\u00fcros. M\u00f6gliche T\u00e4tigkeiten sind: PR-Arbeit und Mitwirkung bei der touristischen Vermarktung und weiteren Entwicklung des \u201eUNESCO Global Geoparks Th\u00fcringen Inselsberg &#8211; Drei Gleichen\u201c Erarbeitung von Inhalten [&hellip;]<\/p>\n","protected":false},"author":1,"featured_media":0,"parent":0,"menu_order":25,"comment_status":"closed","ping_status":"closed","template":"","meta":{"ngg_post_thumbnail":0},"_links":{"self":[{"href":"https:\/\/www.eta-reyer.de\/index.php?rest_route=\/wp\/v2\/pages\/8"}],"collection":[{"href":"https:\/\/www.eta-reyer.de\/index.php?rest_route=\/wp\/v2\/pages"}],"about":[{"href":"https:\/\/www.eta-reyer.de\/index.php?rest_route=\/wp\/v2\/types\/page"}],"author":[{"embeddable":true,"href":"https:\/\/www.eta-reyer.de\/index.php?rest_route=\/wp\/v2\/users\/1"}],"replies":[{"embeddable":true,"href":"https:\/\/www.eta-reyer.de\/index.php?rest_route=%2Fwp%2Fv2%2Fcomments&post=8"}],"version-history":[{"count":48,"href":"https:\/\/www.eta-reyer.de\/index.php?rest_route=\/wp\/v2\/pages\/8\/revisions"}],"predecessor-version":[{"id":1045,"href":"https:\/\/www.eta-reyer.de\/index.php?rest_route=\/wp\/v2\/pages\/8\/revisions\/1045"}],"wp:attachment":[{"href":"https:\/\/www.eta-reyer.de\/index.php?rest_route=%2Fwp%2Fv2%2Fmedia&parent=8"}],"curies":[{"name":"wp","href":"https:\/\/api.w.org\/{rel}","templated":true}]}}