{"id":655,"date":"2012-05-10T23:20:11","date_gmt":"2012-05-10T23:20:11","guid":{"rendered":"http:\/\/www.eta-reyer.de\/cms\/?page_id=655"},"modified":"2024-11-21T10:18:00","modified_gmt":"2024-11-21T10:18:00","slug":"altstandort-spanplattenwerk","status":"publish","type":"page","link":"https:\/\/www.eta-reyer.de\/?page_id=655","title":{"rendered":"Spanplattenwerk Gotha"},"content":{"rendered":"<h1>Untersuchungen am Altstandort<\/h1>\n<p><span style=\"color: #1871bf;\"><strong>Historische Erkundung<\/strong><\/span><\/p>\n<ul>\n<li style=\"text-align: left;\">Recherche von Altunterlagen<\/li>\n<li>Befragung der Mitarbeiter<\/li>\n<li>augenscheinliche Begutachtung des Gel\u00e4ndes<\/li>\n<li>Berichterstattung<\/li>\n<\/ul>\n<p><span style=\"color: #1871bf;\"><strong>Orientierende Untersuchung\/Detailerkundung<\/strong><\/span><\/p>\n<ul>\n<li style=\"text-align: left;\">Durchf\u00fchrung von Sondierungen<\/li>\n<li>Feststellung von Verunreinigungen<\/li>\n<li>Analytik von Boden-, Luft und Wasserproben<\/li>\n<li>Berichterstattung<\/li>\n<\/ul>\n<p><span style=\"color: #1871bf;\"><strong>Gef\u00e4hrdungsabsch\u00e4tzung<\/strong><\/span><\/p>\n<ul>\n<li style=\"text-align: left;\">Betrachtung der Schutzg\u00fcter Boden, Wasser, Luft und Mensch<\/li>\n<li>Feststellung des Gef\u00e4hrdungspotentials anhand der Analysenergebnisse<\/li>\n<li>Berichterstattung<\/li>\n<\/ul>\n<p><span style=\"color: #1871bf;\"><strong>Sanierungsplanung und -betreuung<\/strong><\/span><\/p>\n<ul>\n<li style=\"text-align: left;\">Planung der erforderlichen Me\u00dfstellen f\u00fcr die Medien Boden, Wasser und Bodenluft<\/li>\n<li>Errichtung von Grundwassermessstellen<\/li>\n<li>Durchf\u00fchrung eines Grundwassermonitorings \u00fcber den Zeitraum von 5 Jahren<\/li>\n<li>Empfehlungen zur Beseitigung der Verunreinigungen<\/li>\n<li>Kostensch\u00e4tzung<\/li>\n<li>Berichterstattung<\/li>\n<li>Betreuung der Durchf\u00fchrung der Sanierungsarbeiten<\/li>\n<\/ul>\n<!-- index.php -->\n<div\n\tclass=\"ngg-galleryoverview ngg-ajax-pagination-none\"\n\tid=\"ngg-gallery-e51bf20cb7a7b2c7817568d893f0c164-1\">\n\n    \t<div class=\"slideshowlink\">\n        <a href='https:\/\/www.eta-reyer.de\/index.php\/nggallery\/slideshow?page_id=655'>[Zeige als Diashow]<\/a>\n\t\t\n\t<\/div>\n\t\t\t<!-- Thumbnails -->\n\t\t\t\t<div id=\"ngg-image-0\" class=\"ngg-gallery-thumbnail-box\" >\n\t\t\t\t        <div class=\"ngg-gallery-thumbnail\">\n            <a href=\"https:\/\/www.eta-reyer.de\/cms\/wp-content\/gallery\/referenzbilder\/gotha_altstandort.jpg\"\n               title=\"Blick auf das Industriegel\u00e4nde, &quot;Spanplattenwerk Gotha&quot;\"\n               data-src=\"https:\/\/www.eta-reyer.de\/cms\/wp-content\/gallery\/referenzbilder\/gotha_altstandort.jpg\"\n               data-thumbnail=\"https:\/\/www.eta-reyer.de\/cms\/wp-content\/gallery\/referenzbilder\/thumbs\/thumbs_gotha_altstandort.jpg\"\n               data-image-id=\"19\"\n               data-title=\"Blick auf das Industriegel\u00e4nde,\"\n               data-description=\"Blick auf das Industriegel\u00e4nde, &quot;Spanplattenwerk Gotha&quot;\"\n               data-image-slug=\"blick-auf-das-industriegelande\"\n               class=\"ngg-simplelightbox\" rel=\"e51bf20cb7a7b2c7817568d893f0c164\">\n                <img\n                    title=\"Blick auf das Industriegel\u00e4nde,\"\n                    alt=\"Blick auf das Industriegel\u00e4nde,\"\n                    src=\"https:\/\/www.eta-reyer.de\/cms\/wp-content\/gallery\/referenzbilder\/thumbs\/thumbs_gotha_altstandort.jpg\"\n                    width=\"150\"\n                    height=\"100\"\n                    style=\"max-width:100%;\"\n                \/>\n            <\/a>\n        <\/div>\n\t\t\t\t\t\t\t<\/div> \n\t\t\t\n        \n\t\t\t\t<div id=\"ngg-image-1\" class=\"ngg-gallery-thumbnail-box\" >\n\t\t\t\t        <div class=\"ngg-gallery-thumbnail\">\n            <a href=\"https:\/\/www.eta-reyer.de\/cms\/wp-content\/gallery\/referenzbilder\/gotha_bohrgut.jpg\"\n               title=\"Bohrgut\"\n               data-src=\"https:\/\/www.eta-reyer.de\/cms\/wp-content\/gallery\/referenzbilder\/gotha_bohrgut.jpg\"\n               data-thumbnail=\"https:\/\/www.eta-reyer.de\/cms\/wp-content\/gallery\/referenzbilder\/thumbs\/thumbs_gotha_bohrgut.jpg\"\n               data-image-id=\"20\"\n               data-title=\"Bohrgut\"\n               data-description=\"Bohrgut\"\n               data-image-slug=\"bohrgut\"\n               class=\"ngg-simplelightbox\" rel=\"e51bf20cb7a7b2c7817568d893f0c164\">\n                <img\n                    title=\"Bohrgut\"\n                    alt=\"Bohrgut\"\n                    src=\"https:\/\/www.eta-reyer.de\/cms\/wp-content\/gallery\/referenzbilder\/thumbs\/thumbs_gotha_bohrgut.jpg\"\n                    width=\"150\"\n                    height=\"113\"\n                    style=\"max-width:100%;\"\n                \/>\n            <\/a>\n        <\/div>\n\t\t\t\t\t\t\t<\/div> \n\t\t\t\n        \n\t\t\t\t<div id=\"ngg-image-2\" class=\"ngg-gallery-thumbnail-box\" >\n\t\t\t\t        <div class=\"ngg-gallery-thumbnail\">\n            <a href=\"https:\/\/www.eta-reyer.de\/cms\/wp-content\/gallery\/referenzbilder\/gotha_bohrung.jpg\"\n               title=\"Bohrung einer Grundwassermesstelle\"\n               data-src=\"https:\/\/www.eta-reyer.de\/cms\/wp-content\/gallery\/referenzbilder\/gotha_bohrung.jpg\"\n               data-thumbnail=\"https:\/\/www.eta-reyer.de\/cms\/wp-content\/gallery\/referenzbilder\/thumbs\/thumbs_gotha_bohrung.jpg\"\n               data-image-id=\"21\"\n               data-title=\"Bohrung einer Grundwassermesstelle\"\n               data-description=\"Bohrung einer Grundwassermesstelle\"\n               data-image-slug=\"bohrung-einer-grundwassermesstelle\"\n               class=\"ngg-simplelightbox\" rel=\"e51bf20cb7a7b2c7817568d893f0c164\">\n                <img\n                    title=\"Bohrung einer Grundwassermesstelle\"\n                    alt=\"Bohrung einer Grundwassermesstelle\"\n                    src=\"https:\/\/www.eta-reyer.de\/cms\/wp-content\/gallery\/referenzbilder\/thumbs\/thumbs_gotha_bohrung.jpg\"\n                    width=\"150\"\n                    height=\"100\"\n                    style=\"max-width:100%;\"\n                \/>\n            <\/a>\n        <\/div>\n\t\t\t\t\t\t\t<\/div> \n\t\t\t\n        \n\t\t\t\t<div id=\"ngg-image-3\" class=\"ngg-gallery-thumbnail-box\" >\n\t\t\t\t        <div class=\"ngg-gallery-thumbnail\">\n            <a href=\"https:\/\/www.eta-reyer.de\/cms\/wp-content\/gallery\/referenzbilder\/gotha_gwm.jpg\"\n               title=\"Neu errichtete Grundwassermessstelle\"\n               data-src=\"https:\/\/www.eta-reyer.de\/cms\/wp-content\/gallery\/referenzbilder\/gotha_gwm.jpg\"\n               data-thumbnail=\"https:\/\/www.eta-reyer.de\/cms\/wp-content\/gallery\/referenzbilder\/thumbs\/thumbs_gotha_gwm.jpg\"\n               data-image-id=\"22\"\n               data-title=\"Neu errichtete Grundwassermessstelle\"\n               data-description=\"Neu errichtete Grundwassermessstelle\"\n               data-image-slug=\"neu-errichtete-grundwassermessstelle-2\"\n               class=\"ngg-simplelightbox\" rel=\"e51bf20cb7a7b2c7817568d893f0c164\">\n                <img\n                    title=\"Neu errichtete Grundwassermessstelle\"\n                    alt=\"Neu errichtete Grundwassermessstelle\"\n                    src=\"https:\/\/www.eta-reyer.de\/cms\/wp-content\/gallery\/referenzbilder\/thumbs\/thumbs_gotha_gwm.jpg\"\n                    width=\"100\"\n                    height=\"150\"\n                    style=\"max-width:100%;\"\n                \/>\n            <\/a>\n        <\/div>\n\t\t\t\t\t\t\t<\/div> \n\t\t\t\n        \n\t\t\n\t\t<!-- Pagination -->\n\t<div class='ngg-clear'><\/div>\t<\/div>\n\n","protected":false},"excerpt":{"rendered":"<p>Untersuchungen am Altstandort Historische Erkundung Recherche von Altunterlagen Befragung der Mitarbeiter augenscheinliche Begutachtung des Gel\u00e4ndes Berichterstattung Orientierende Untersuchung\/Detailerkundung Durchf\u00fchrung von Sondierungen Feststellung von Verunreinigungen Analytik von Boden-, Luft und Wasserproben Berichterstattung Gef\u00e4hrdungsabsch\u00e4tzung Betrachtung der Schutzg\u00fcter Boden, Wasser, Luft und Mensch Feststellung des Gef\u00e4hrdungspotentials anhand der Analysenergebnisse Berichterstattung Sanierungsplanung und -betreuung Planung der erforderlichen Me\u00dfstellen f\u00fcr [&hellip;]<\/p>\n","protected":false},"author":1,"featured_media":0,"parent":390,"menu_order":5,"comment_status":"closed","ping_status":"closed","template":"","meta":{"ngg_post_thumbnail":0},"_links":{"self":[{"href":"https:\/\/www.eta-reyer.de\/index.php?rest_route=\/wp\/v2\/pages\/655"}],"collection":[{"href":"https:\/\/www.eta-reyer.de\/index.php?rest_route=\/wp\/v2\/pages"}],"about":[{"href":"https:\/\/www.eta-reyer.de\/index.php?rest_route=\/wp\/v2\/types\/page"}],"author":[{"embeddable":true,"href":"https:\/\/www.eta-reyer.de\/index.php?rest_route=\/wp\/v2\/users\/1"}],"replies":[{"embeddable":true,"href":"https:\/\/www.eta-reyer.de\/index.php?rest_route=%2Fwp%2Fv2%2Fcomments&post=655"}],"version-history":[{"count":20,"href":"https:\/\/www.eta-reyer.de\/index.php?rest_route=\/wp\/v2\/pages\/655\/revisions"}],"predecessor-version":[{"id":965,"href":"https:\/\/www.eta-reyer.de\/index.php?rest_route=\/wp\/v2\/pages\/655\/revisions\/965"}],"up":[{"embeddable":true,"href":"https:\/\/www.eta-reyer.de\/index.php?rest_route=\/wp\/v2\/pages\/390"}],"wp:attachment":[{"href":"https:\/\/www.eta-reyer.de\/index.php?rest_route=%2Fwp%2Fv2%2Fmedia&parent=655"}],"curies":[{"name":"wp","href":"https:\/\/api.w.org\/{rel}","templated":true}]}}