{"id":48,"date":"2010-03-25T11:04:03","date_gmt":"2010-03-25T11:04:03","guid":{"rendered":"http:\/\/www.eta-reyer.de\/cms\/?page_id=48"},"modified":"2024-11-27T09:46:35","modified_gmt":"2024-11-27T09:46:35","slug":"referenzen","status":"publish","type":"page","link":"https:\/\/www.eta-reyer.de\/?page_id=48","title":{"rendered":"Unsere Leistungen"},"content":{"rendered":"<h2>Altlastenerkundung\/-sanierung<\/h2>\n<ul>\n \t<li>Umweltsch\u00e4den in B\u00f6den, Gew\u00e4ssern, Bodenluft und Bausubstanz<\/li>\n \t<li>Altlastenerkundung und Gef\u00e4hrdungsabsch\u00e4tzung (historische Erkundung, orientierende Untersuchung, Detailerkundung, Sanierungsuntersuchung)<\/li>\n \t<li>Sanierungsplanung, Sanierungs\u00fcberwachung und -begleitung<\/li>\n \t<li>Abfallentsorgungsmanagement<\/li>\n<\/ul>\n<p style=\"text-align: left; padding-left: 30px;\"><strong><span style=\"color: #1871bf;\">Referenzen finden Sie <\/span><a title=\"Referenzen\" href=\"http:\/\/www.eta-reyer.de\/?page_id=390#altlasten\"><span style=\"color: #33cccc;\"><span style=\"color: #1871bf;\">hier<\/span><\/span><\/a><\/strong><\/p>\n\n<h2><strong>Monitoringaufgaben\n<\/strong><\/h2>\n<ul>\n \t<li>Fremderdstoff-Probenahme nach LAGA PN98<\/li>\n \t<li>Fachgerechte Grundwasserprobenahme zur Untersuchung der Grundwasserbeschaffenheit \/ Grundwassermonitoring<\/li>\n \t<li>Probenahme Oberfl\u00e4chengew\u00e4sser<\/li>\n \t<li>Ermittlung und Dokumentation der physikoschemischen Vor-Ort-Parameter<\/li>\n<\/ul>\n<strong>Technische Ausstattung f\u00fcr Monitoringaufgaben Grundwasser<\/strong>\n<ul>\n \t<li>Grundfos MP1 mit Steigleitung und Probenahmekopf<\/li>\n \t<li>Durchflussz\u00e4hler analog und digital, Durchflussmesszelle<\/li>\n \t<li>WTW-Mulitparametermessger\u00e4t und Greisinger-Messger\u00e4te zur Bestimmung physikochemischer Parameter (pH, Temperatur, Leitf\u00e4higkeit, Redoxspannung, Sauerstoffkonzentration)<\/li>\n \t<li>Druck-Temperatur-Diver f\u00fcr Kurzpumpversuche<\/li>\n \t<li>Kabellichtlote 25 und 150 m sowie Tiefenlot 150 m<\/li>\n \t<li>passive Probenahmeger\u00e4te f\u00fcr Sch\u00f6pfprobenahmen<\/li>\n \t<li>Handhebeseilzug f\u00fcr leichte Steigrohre und Brunnenpumpen<\/li>\n<\/ul>\n\n\n<strong>Technische Ausstattung f\u00fcr die Bodenluftprobenahme<\/strong>\n\n \n<ul>\n \t<li>tragbare Bodenluftprobenahmepumpe BLS 10 mit Probenahmekopf und Bypass (Entnahme von Deponiegasen und Bodenluftproben, Beprobung von leichtfl\u00fcchtigen Verbindungen)<\/li>\n<\/ul>\n<div id=\"attachment_1096\" style=\"width: 310px\" class=\"wp-caption alignleft\"><img aria-describedby=\"caption-attachment-1096\" loading=\"lazy\" class=\"wp-image-1096 size-medium\" src=\"http:\/\/www.eta-reyer.de\/cms\/wp-content\/uploads\/PN_GW-300x300.jpg\" alt=\"\" width=\"300\" height=\"300\" srcset=\"https:\/\/www.eta-reyer.de\/cms\/wp-content\/uploads\/PN_GW-300x300.jpg 300w, https:\/\/www.eta-reyer.de\/cms\/wp-content\/uploads\/PN_GW-600x600.jpg 600w, https:\/\/www.eta-reyer.de\/cms\/wp-content\/uploads\/PN_GW-150x150.jpg 150w, https:\/\/www.eta-reyer.de\/cms\/wp-content\/uploads\/PN_GW-768x768.jpg 768w, https:\/\/www.eta-reyer.de\/cms\/wp-content\/uploads\/PN_GW-1536x1536.jpg 1536w, https:\/\/www.eta-reyer.de\/cms\/wp-content\/uploads\/PN_GW-2048x2048.jpg 2048w, https:\/\/www.eta-reyer.de\/cms\/wp-content\/uploads\/PN_GW-624x624.jpg 624w\" sizes=\"(max-width: 300px) 100vw, 300px\" \/><p id=\"caption-attachment-1096\" class=\"wp-caption-text\">Grundwasserprobenahme an einer 5&#8243;-GWM.<\/p><\/div>\n\n\n\n<div id=\"attachment_1099\" style=\"width: 310px\" class=\"wp-caption alignleft\"><img aria-describedby=\"caption-attachment-1099\" loading=\"lazy\" class=\"wp-image-1099 size-medium\" src=\"http:\/\/www.eta-reyer.de\/cms\/wp-content\/uploads\/PN_BL-300x200.jpg\" alt=\"\" width=\"300\" height=\"200\" srcset=\"https:\/\/www.eta-reyer.de\/cms\/wp-content\/uploads\/PN_BL-300x200.jpg 300w, https:\/\/www.eta-reyer.de\/cms\/wp-content\/uploads\/PN_BL-600x400.jpg 600w, https:\/\/www.eta-reyer.de\/cms\/wp-content\/uploads\/PN_BL-768x512.jpg 768w, https:\/\/www.eta-reyer.de\/cms\/wp-content\/uploads\/PN_BL-1536x1024.jpg 1536w, https:\/\/www.eta-reyer.de\/cms\/wp-content\/uploads\/PN_BL-2048x1365.jpg 2048w, https:\/\/www.eta-reyer.de\/cms\/wp-content\/uploads\/PN_BL-624x416.jpg 624w\" sizes=\"(max-width: 300px) 100vw, 300px\" \/><p id=\"caption-attachment-1099\" class=\"wp-caption-text\">Bodenluftbeprobung mit dem mobilen Probenahmesystem BLS 10.<\/p><\/div>\n<h2>Hydrogeologie\/Wasserwirtschaft<\/h2>\n<ul>\n \t<li>Standortsuche, Erkundung und Erschlie\u00dfung von Grundwasservorkommen (Trink-, Thermal- und Mineralwasser)<\/li>\n \t<li>Grundwassergewinnungsanlagen \u2013 Planung, Bewertung, Sanierung, Bau\u00fcberwachung<\/li>\n \t<li>Planung und Auswertung von Leistungspumpversuchen<\/li>\n \t<li>Beobachtungsnetze \u2013 Planung, Bewertung, Sanierung, Bau\u00fcberwachung<\/li>\n \t<li>Antragsunterlagen f\u00fcr wasserrechtliche Genehmigungsverfahren inkl. Verfahrensbegleitung<\/li>\n \t<li>Trinkwasserschutzzonen \u2013 Bewertung und Bemessung,&nbsp; Verfahrensbegleitung<\/li>\n \t<li>Wasserbilanzierungen \u2013 Niederschlags-\/Abflussmodelle f\u00fcr Flussgebiete, Grundwasserneubildungsberechnungen, Vorratsberechnungen<\/li>\n<\/ul>\n<p style=\"text-align: left; padding-left: 30px;\"><strong><span style=\"color: #1871bf;\">Referenzen finden Sie <\/span><a title=\"Referenzen\" href=\"http:\/\/www.eta-reyer.de\/?page_id=390#wasser\"><span style=\"color: #33cccc;\"><span style=\"color: #1871bf;\">hier<\/span><\/span><\/a><\/strong><\/p>\n\n<h2>Rohstofferkundung<\/h2>\n<ul>\n \t<li>Vorratsberechnung von Lagerst\u00e4tten<\/li>\n \t<li>Umweltvertr\u00e4glichkeitsuntersuchungen; Verfahrensbegleitung<\/li>\n \t<li>Aufstellen von Betriebspl\u00e4nen, Verfahrensbegleitung<\/li>\n<\/ul>\n<p style=\"text-align: left; padding-left: 30px;\"><strong><span style=\"color: #1871bf;\">Referenzen finden Sie <\/span><a title=\"Referenzen\" href=\"http:\/\/www.eta-reyer.de\/?page_id=390#rohstoff\"><span style=\"color: #33cccc;\"><span style=\"color: #1871bf;\">hier<\/span><\/span><\/a><\/strong><\/p>\n\n<h2>Geotourismus<\/h2>\n<ul>\n \t<li>Planung von geotouristischen Ma\u00dfnahmen (Erlebnispfade, Informationszentren, geotouristische Events)<\/li>\n \t<li>Organisation und Betreuung von Geoparks<\/li>\n \t<li>Managementleistungen, F\u00f6rdermittelakquise<\/li>\n<\/ul>\n<p style=\"text-align: left; padding-left: 30px;\"><strong><span style=\"color: #1871bf;\">Referenzen finden Sie <\/span><a title=\"Referenzen\" href=\"http:\/\/www.eta-reyer.de\/?page_id=390#geotourismus\"><span style=\"color: #33cccc;\"><span style=\"color: #1871bf;\">hier<\/span><\/span><\/a><\/strong><\/p>\n\n<h2>Regionalplanung und Entwicklung<\/h2>\n<ul>\n \t<li>Mitarbeit an Regionalen Entwicklungskonzepten<\/li>\n \t<li>Umweltvertr\u00e4glichkeitsstudien<\/li>\n \t<li>Landschaftspflegerische Begleitplanungen\/Pflege- und Entwicklungspl\u00e4ne<\/li>\n<\/ul>\n<p style=\"text-align: left; padding-left: 30px;\"><strong><span style=\"color: #1871bf;\">Referenzen finden Sie <\/span><a title=\"Referenzen\" href=\"http:\/\/www.eta-reyer.de\/?page_id=390#regionalplanung\"><span style=\"color: #33cccc;\"><span style=\"color: #1871bf;\">hier<\/span><\/span><\/a><\/strong><\/p>\n&nbsp;\n&nbsp;\n\n&nbsp;\n&nbsp;\n\n&nbsp;\n&nbsp;\n\n&nbsp;\n&nbsp;\n\n&nbsp;\n&nbsp;\n\n&nbsp;\n&nbsp;\n\n&nbsp;\n&nbsp;","protected":false},"excerpt":{"rendered":"<p>Altlastenerkundung\/-sanierung Umweltsch\u00e4den in B\u00f6den, Gew\u00e4ssern, Bodenluft und Bausubstanz Altlastenerkundung und Gef\u00e4hrdungsabsch\u00e4tzung (historische Erkundung, orientierende Untersuchung, Detailerkundung, Sanierungsuntersuchung) Sanierungsplanung, Sanierungs\u00fcberwachung und -begleitung Abfallentsorgungsmanagement Referenzen finden Sie hier Monitoringaufgaben Fremderdstoff-Probenahme nach LAGA PN98 Fachgerechte Grundwasserprobenahme zur Untersuchung der Grundwasserbeschaffenheit \/ Grundwassermonitoring Probenahme Oberfl\u00e4chengew\u00e4sser Ermittlung und Dokumentation der physikoschemischen Vor-Ort-Parameter Technische Ausstattung f\u00fcr Monitoringaufgaben Grundwasser Grundfos MP1 mit [&hellip;]<\/p>\n","protected":false},"author":1,"featured_media":0,"parent":0,"menu_order":4,"comment_status":"closed","ping_status":"closed","template":"","meta":{"ngg_post_thumbnail":0},"_links":{"self":[{"href":"https:\/\/www.eta-reyer.de\/index.php?rest_route=\/wp\/v2\/pages\/48"}],"collection":[{"href":"https:\/\/www.eta-reyer.de\/index.php?rest_route=\/wp\/v2\/pages"}],"about":[{"href":"https:\/\/www.eta-reyer.de\/index.php?rest_route=\/wp\/v2\/types\/page"}],"author":[{"embeddable":true,"href":"https:\/\/www.eta-reyer.de\/index.php?rest_route=\/wp\/v2\/users\/1"}],"replies":[{"embeddable":true,"href":"https:\/\/www.eta-reyer.de\/index.php?rest_route=%2Fwp%2Fv2%2Fcomments&post=48"}],"version-history":[{"count":89,"href":"https:\/\/www.eta-reyer.de\/index.php?rest_route=\/wp\/v2\/pages\/48\/revisions"}],"predecessor-version":[{"id":1113,"href":"https:\/\/www.eta-reyer.de\/index.php?rest_route=\/wp\/v2\/pages\/48\/revisions\/1113"}],"wp:attachment":[{"href":"https:\/\/www.eta-reyer.de\/index.php?rest_route=%2Fwp%2Fv2%2Fmedia&parent=48"}],"curies":[{"name":"wp","href":"https:\/\/api.w.org\/{rel}","templated":true}]}}