{"id":390,"date":"2011-06-17T04:30:21","date_gmt":"2011-06-17T04:30:21","guid":{"rendered":"http:\/\/www.eta-reyer.de\/cms\/?page_id=390"},"modified":"2023-12-08T08:18:03","modified_gmt":"2023-12-08T08:18:03","slug":"referenzen-2","status":"publish","type":"page","link":"https:\/\/www.eta-reyer.de\/?page_id=390","title":{"rendered":"Referenzen"},"content":{"rendered":"<h1>Ausgew\u00e4hlte Referenzen<\/h1>\n<p><a name=\"altlasten\"><\/a><\/p>\n<h2>Altlastenerkundung\/-sanierung<\/h2>\n<ul>\n<li>Untersuchung von 18 elf-Tankstellen in Th\u00fcringen und Sachsen-Anhalt &#8211;&nbsp; Altlastenuntersuchung mit Gef\u00e4hrdungsabsch\u00e4tzung f\u00fcr die einzelnen Tankstellengel\u00e4nde<\/li>\n<li>Altlastengutachten f\u00fcr das Betriebsgel\u00e4nde der Fa. Stra\u00dfenbau Th\u00fcringen in Gotha &#8211;&nbsp; Untersuchung auf Altlasten im Bereich einer Bitumenmischanlage inkl. Grundwasseruntersuchung<\/li>\n<li>Baubegleitende Untersuchungen auf dem Gel\u00e4nde der ARAL-Tankstelle Berlin, Waidmannsluster Damm &#8211;&nbsp; Pr\u00fcfung des Untergrundes auf Verunreinigungen im Rahmen des Tankstellenumbaus; Organisation der Entsorgung des verunreinigten Bodens<\/li>\n<li>Orientierende Untersuchung eines Gewerbegrundst\u00fcckes in Erfurt mit Gef\u00e4hrdungs- und Kostenabsch\u00e4tzung &#8211; Gutachten im Rechtsstreit MOHAG Motorengesellschaft Hopf GmbH gegen Aigner<\/li>\n<li>Orientierende Untersuchung der ALVF 1412 des Altlastenkatasters der Stadt Erfurt (Altablagerung), Erfurt, am Mittelh\u00e4user Tonweg &#8211; Orientierende Untersuchung einer Altablagerung und Gef\u00e4hrdungsabsch\u00e4tzung unter Zugrundelegung des Bundesbodenschutzgesetzes<\/li>\n<li>Detailuntersuchung auf dem Betriebsgel\u00e4nde Spanplattenwerk Gotha GmbH; Untersuchung von \u00d6l-, Teer\u00f6lsch\u00e4den und Begleitstoffe (LHKW): Sanierungsplanung <a href=\"http:\/\/www.eta-reyer.de\/?page_id=655\">&#8230; mehr Informationen<\/a><\/li>\n<li>Revitalisierung Gewerbebrache Schlachthof in Schleusingen &#8211; Abrissbegleitende Begutachtung der Gewerbebrache<\/li>\n<li>Historische Erkundung, beprobungslose Erstbewertung und Gefahrenabsch\u00e4tzung von Verdachtsfl\u00e4chen<\/li>\n<li>Programm zur Orientierenden Untersuchung, Standorte der chemischen Reinigungen in Erfurt<\/li>\n<li>Sanierungserkundung und Gef\u00e4hrdungsabsch\u00e4tzung von Standorten chemischer Reinigungen<\/li>\n<\/ul>\n<p><a name=\"wasser\"><\/a><\/p>\n<h2>Hydrogeologie\/Wasserwirtschaft<\/h2>\n<ul>\n<li>&nbsp;Aufbau und Betrieb eines wasserwirtschaftlichen Haldenmonitorings f\u00fcr das S\u00fcdharz-Kalirevier &#8211;&nbsp; Untersuchung und Bewertung des Einflusses der Kali-Gro\u00dfhalden auf die Qualit\u00e4t von Grund- und Oberfl\u00e4chenwasser; Aufbau eines st\u00e4ndigen Messnetzes zur laufenden Kontrolle der Haldenl\u00f6sungen, relevanter Vorfluter und ausgew\u00e4hlter Grundwasserme\u00dfstellen<\/li>\n<li>Errichtung der Erfurter Wasserwerke M\u00f6bisburg II und Steiger II <a href=\"http:\/\/www.eta-reyer.de\/?page_id=696\"><span style=\"color: #1871bf;\">&#8230; mehr Informationen<\/span><\/a><\/li>\n<li>Untersuchung der Notwasserbrunnen in der Stadt S\u00f6mmerda und Umgebung<\/li>\n<li>Sondermessnetz Braunkohle &#8211; Durchf\u00fchrung einer Untersuchung des Grundwassers in Form eines Grundwassermonitorings<\/li>\n<li>Sanierung des Tiefbrunnens Tonndorf IV<\/li>\n<li>Hydrogeologische Erkundungsarbeiten im Wasserwerk Burgwenden <a href=\"http:\/\/www.eta-reyer.de\/?page_id=51\"><span style=\"color: #1871bf;\">&#8230; mehr Informationen<\/span><\/a><\/li>\n<li>Grundwassererkundung Wasserwerk Burgwenden<\/li>\n<li>Grundwassererkundungsbohrungen Gro\u00dfbreitenbach<\/li>\n<li>Errichtung von 11 Grundwassermessstellen f\u00fcr die Staatlichen Umwelt\u00e4mter Erfurt und Suhl<\/li>\n<li>Trinkwasserschutzzonenmonitoring f\u00fcr die Wasserwerke der BeWA S\u00f6mmerda<\/li>\n<\/ul>\n<p><a name=\"rohstoff\"><\/a><\/p>\n<h2>Rohstofferkundung<\/h2>\n<ul>\n<li>Untersuchung zur <strong>Rohstoffsicherung der Rohstoffart Gips\/Anhydrit<\/strong> in Nordth\u00fcringen &#8211; Studie zur Bedarfsprognose f\u00fcr die Rohstoffart Gips\/Anhydrit f\u00fcr die Planungshorizonte 10, 15 und 20 Jahre als Grundlage f\u00fcr die Festschreibung des Regionalplanes Nordth\u00fcringen<\/li>\n<li>Untersuchung zu den Rohstoffarten Kies\/Kiessand und Kalkstein in Nordth\u00fcringen &#8211;&nbsp; Studie zur Bedarfsprognose f\u00fcr die Rohstoffarten&nbsp; Kies\/Kiessand und Kalkstein &nbsp;f\u00fcr die Planungshorizonte 10, 15 und 20 Jahre<\/li>\n<li>Bericht \u00fcber die kontinuierliche Grund- und Oberfl\u00e4chenwasser\u00fcberwachung der Kiessandlagerst\u00e4tte Schwabhausen &#8211; Durchf\u00fchrung der kontinuierlichen Grundwasser\u00fcberwachung hinsichtlich Menge und Qualit\u00e4t, prim\u00e4r- und sekund\u00e4rstatistische Auswertung und Berichterstattung<\/li>\n<\/ul>\n<p><a name=\"geotourismus\"><\/a><\/p>\n<h2>Geotourismus<\/h2>\n<ul>\n<li>Management des UNESCO Global Geopark Th\u00fcringen Inselsberg &#8211; Drei Gleichen <a title=\"Nationaler GeoPark\" href=\"http:\/\/www.eta-reyer.de\/?page_id=843\">.<span style=\"color: #1871bf;\">.. mehr Information<\/span>en<\/a><\/li>\n<li>Entwicklung eines geotouristisches Konzeptes f\u00fcr die Region \u201eVulkan Vogelsberg\u201c und Einrichtung eines Geoparks in der Vulkanregion Vogelsberg <a href=\"http:\/\/www.eta-reyer.de\/?page_id=416\">.<span style=\"color: #1871bf;\">.. mehr Informationen<\/span><\/a><\/li>\n<li>Zertifizierung von Geoparks zu Nationalen Geoparks und Re-Evaluierung&nbsp;<\/li>\n<\/ul>\n<p><a name=\"regionalplanung\"><\/a><\/p>\n<h2>Regionalplanung und Entwicklung<\/h2>\n<ul>\n<li>Mitarbeit an der Erarbeitung und Umsetzung des REK Burgenland Drei Gleichen<\/li>\n<li>Mitarbeit an der Erarbeitung und Umsetzung des REK Weidatalsperren<\/li>\n<li>Stadtentwicklungskonzept Leinefelde-Worbis<\/li>\n<li>Umweltvertr\u00e4glichkeitspr\u00fcfung Kiesabbau Wechmar<\/li>\n<li>Umweltvertr\u00e4glichkeitsvorstudie Erfurter Wasserwerke \u2013 Wasserwirtschaftliche Ersatzma\u00dfnahme im Rahmen des Verkehrsprojektes Deutsche Einheit Schiene Nr. 8, Neubaustrecke Ebensfeld-Erfurt, Planfeststellungsabschnitt 2.5 \u201eErfurt-Stadt\u201c<\/li>\n<li>Erarbeitung eines Entwicklungskonzeptes und Umsetzungsstudie &#8222;Vulkanregion Volgelsberg&#8220; <span style=\"color: #1871bf;\"><a style=\"color: #1871bf;\" title=\"Region \u201eVulkan Vogelsberg\u201c\" href=\"http:\/\/www.eta-reyer.de\/?page_id=416\">&#8230; mehr Informationen<\/a><\/span><\/li>\n<li>Entwicklung einer touristischen Route, Bad Frankenhausen<\/li>\n<\/ul>\n","protected":false},"excerpt":{"rendered":"<p>Ausgew\u00e4hlte Referenzen Altlastenerkundung\/-sanierung Untersuchung von 18 elf-Tankstellen in Th\u00fcringen und Sachsen-Anhalt &#8211;&nbsp; Altlastenuntersuchung mit Gef\u00e4hrdungsabsch\u00e4tzung f\u00fcr die einzelnen Tankstellengel\u00e4nde Altlastengutachten f\u00fcr das Betriebsgel\u00e4nde der Fa. Stra\u00dfenbau Th\u00fcringen in Gotha &#8211;&nbsp; Untersuchung auf Altlasten im Bereich einer Bitumenmischanlage inkl. Grundwasseruntersuchung Baubegleitende Untersuchungen auf dem Gel\u00e4nde der ARAL-Tankstelle Berlin, Waidmannsluster Damm &#8211;&nbsp; Pr\u00fcfung des Untergrundes auf Verunreinigungen [&hellip;]<\/p>\n","protected":false},"author":1,"featured_media":0,"parent":0,"menu_order":5,"comment_status":"closed","ping_status":"closed","template":"","meta":{"ngg_post_thumbnail":0},"_links":{"self":[{"href":"https:\/\/www.eta-reyer.de\/index.php?rest_route=\/wp\/v2\/pages\/390"}],"collection":[{"href":"https:\/\/www.eta-reyer.de\/index.php?rest_route=\/wp\/v2\/pages"}],"about":[{"href":"https:\/\/www.eta-reyer.de\/index.php?rest_route=\/wp\/v2\/types\/page"}],"author":[{"embeddable":true,"href":"https:\/\/www.eta-reyer.de\/index.php?rest_route=\/wp\/v2\/users\/1"}],"replies":[{"embeddable":true,"href":"https:\/\/www.eta-reyer.de\/index.php?rest_route=%2Fwp%2Fv2%2Fcomments&post=390"}],"version-history":[{"count":54,"href":"https:\/\/www.eta-reyer.de\/index.php?rest_route=\/wp\/v2\/pages\/390\/revisions"}],"predecessor-version":[{"id":1056,"href":"https:\/\/www.eta-reyer.de\/index.php?rest_route=\/wp\/v2\/pages\/390\/revisions\/1056"}],"wp:attachment":[{"href":"https:\/\/www.eta-reyer.de\/index.php?rest_route=%2Fwp%2Fv2%2Fmedia&parent=390"}],"curies":[{"name":"wp","href":"https:\/\/api.w.org\/{rel}","templated":true}]}}