{"id":2,"date":"2010-03-25T07:44:58","date_gmt":"2010-03-25T07:44:58","guid":{"rendered":"http:\/\/www.eta-reyer.de\/cms\/?page_id=2"},"modified":"2024-12-13T07:54:48","modified_gmt":"2024-12-13T07:54:48","slug":"eine-seite","status":"publish","type":"page","link":"https:\/\/www.eta-reyer.de\/","title":{"rendered":""},"content":{"rendered":"\n<div class=\"wp-block-image\"><figure class=\"aligncenter is-resized\"><img loading=\"lazy\" src=\"http:\/\/www.eta-reyer.de\/cms\/wp-content\/uploads\/25-Jahre-e.t.a.-2.jpg\" alt=\"\" class=\"wp-image-1084\" width=\"594\" height=\"322\" srcset=\"https:\/\/www.eta-reyer.de\/cms\/wp-content\/uploads\/25-Jahre-e.t.a.-2.jpg 813w, https:\/\/www.eta-reyer.de\/cms\/wp-content\/uploads\/25-Jahre-e.t.a.-2-300x163.jpg 300w, https:\/\/www.eta-reyer.de\/cms\/wp-content\/uploads\/25-Jahre-e.t.a.-2-600x325.jpg 600w, https:\/\/www.eta-reyer.de\/cms\/wp-content\/uploads\/25-Jahre-e.t.a.-2-768x417.jpg 768w, https:\/\/www.eta-reyer.de\/cms\/wp-content\/uploads\/25-Jahre-e.t.a.-2-624x338.jpg 624w\" sizes=\"(max-width: 594px) 100vw, 594px\" \/><\/figure><\/div>\n\n\n\n<p><\/p>\n\n\n\n<p>Sehr geehrte Gesch\u00e4ftspartnerinnen und Gesch\u00e4ftspartner,<\/p>\n\n\n\n<p>das e.t.a. Sachverst\u00e4ndigenb\u00fcro Reyer mit Sitz in Erfurt ist seit nunmehr 25 Jahren f\u00fcr Sie im Bereich Wasserwirtschaft, Umweltmonitoring und Geotourismus erfolgreich t\u00e4tig.<\/p>\n\n\n\n<p>Gemeinsam mit Ihnen haben wir zahlreiche Grundwassererschlie\u00dfungen und Bauwerksanierungen bew\u00e4ltigt, sind den verschiedensten geologischen und hydrogeologischen Fragestellungen nachgegangen und betreuen seit vielen Jahren zuverl\u00e4ssig Monitoringprojekte im Bereich der Rohstoffgewinnung und im Deponiemanagement.<\/p>\n\n\n\n<p>Unser gr\u00f6\u00dftes geotouristisches Projekt ist der Geopark Th\u00fcringen Inselsberg \u2013 Drei Gleichen, den wir im Jahr 2002 gemeinsam mit unseren Partnern ins Leben riefen. 2021 wurde der Geopark schlie\u00dflich zum UNESCO Global Geopark ernannt und bestand 2024 erfolgreich die erste UNESCO-Evaluierung.<\/p>\n\n\n\n<p><strong>25 Jahre &#8211; das ist ein Grund zum Feiern und um Danke zu sagen!<\/strong><\/p>\n\n\n\n<p>Wir danken Ihnen, unseren langj\u00e4hrigen Gesch\u00e4ftskunden und Partnern, f\u00fcr das entgegengebrachte Vertrauen in den zur\u00fcckliegenden 25 Jahren und blicken zuversichtlich in die Zukunft mit neuen Herausforderungen und Projekten.<\/p>\n\n\n\n<p>Ihre Sylvia Reyer-Rohde und das Team des e.t.a. Sachverst\u00e4ndigenb\u00fcro Reyer<\/p>\n","protected":false},"excerpt":{"rendered":"<p>Sehr geehrte Gesch\u00e4ftspartnerinnen und Gesch\u00e4ftspartner, das e.t.a. Sachverst\u00e4ndigenb\u00fcro Reyer mit Sitz in Erfurt ist seit nunmehr 25 Jahren f\u00fcr Sie im Bereich Wasserwirtschaft, Umweltmonitoring und Geotourismus erfolgreich t\u00e4tig. Gemeinsam mit Ihnen haben wir zahlreiche Grundwassererschlie\u00dfungen und Bauwerksanierungen bew\u00e4ltigt, sind den verschiedensten geologischen und hydrogeologischen Fragestellungen nachgegangen und betreuen seit vielen Jahren zuverl\u00e4ssig Monitoringprojekte im Bereich [&hellip;]<\/p>\n","protected":false},"author":1,"featured_media":0,"parent":0,"menu_order":0,"comment_status":"closed","ping_status":"closed","template":"","meta":{"ngg_post_thumbnail":0},"_links":{"self":[{"href":"https:\/\/www.eta-reyer.de\/index.php?rest_route=\/wp\/v2\/pages\/2"}],"collection":[{"href":"https:\/\/www.eta-reyer.de\/index.php?rest_route=\/wp\/v2\/pages"}],"about":[{"href":"https:\/\/www.eta-reyer.de\/index.php?rest_route=\/wp\/v2\/types\/page"}],"author":[{"embeddable":true,"href":"https:\/\/www.eta-reyer.de\/index.php?rest_route=\/wp\/v2\/users\/1"}],"replies":[{"embeddable":true,"href":"https:\/\/www.eta-reyer.de\/index.php?rest_route=%2Fwp%2Fv2%2Fcomments&post=2"}],"version-history":[{"count":134,"href":"https:\/\/www.eta-reyer.de\/index.php?rest_route=\/wp\/v2\/pages\/2\/revisions"}],"predecessor-version":[{"id":1115,"href":"https:\/\/www.eta-reyer.de\/index.php?rest_route=\/wp\/v2\/pages\/2\/revisions\/1115"}],"wp:attachment":[{"href":"https:\/\/www.eta-reyer.de\/index.php?rest_route=%2Fwp%2Fv2%2Fmedia&parent=2"}],"curies":[{"name":"wp","href":"https:\/\/api.w.org\/{rel}","templated":true}]}}